{"id":208,"date":"2025-01-14T15:56:28","date_gmt":"2025-01-14T14:56:28","guid":{"rendered":"https:\/\/le-mojo.fr\/?page_id=208"},"modified":"2026-03-24T09:33:49","modified_gmt":"2026-03-24T08:33:49","slug":"boissons-chaudes","status":"publish","type":"page","link":"https:\/\/le-mojo.fr\/?page_id=208","title":{"rendered":"Boissons chaudes"},"content":{"rendered":"\n<p class=\"has-text-align-center has-foreground-color has-text-color has-link-color wp-elements-f9bad767fdf879fea604d32803813f42\" style=\"font-size:24px\"><strong>Caf\u00e9s \/ Th\u00e9s \/ Tisanes<\/strong><\/p>\n\n\n\n<p class=\"has-text-align-center has-foreground-color has-text-color has-link-color wp-elements-cbe104329efc901aaf3c5bdb61547c34\" style=\"margin-top:var(--wp--preset--spacing--40);margin-bottom:0\">Caf\u00e9 Mexicain Bio <strong>1.50\u20ac<\/strong><br>Ristretto Mexicain Bio <strong>1.50\u20ac<\/strong><br>Caf\u00e9 allong\u00e9 Mexicain Bio <strong>1.50\u20ac<\/strong><br>D\u00e9ca <strong>1.50\u20ac<\/strong><br>Caf\u00e9 double <strong>3.00\u20ac<\/strong><br>Noisette <strong>1.80\u20ac<\/strong><br>Caf\u00e9 cr\u00e8me <strong>2.50\u20ac<\/strong><br>Latt\u00e9 Macchiato <strong>4.50\u20ac<\/strong> <br>(avec ou sans sirop : Caramel sal\u00e9, Vanille, Sp\u00e9culos, Chocolat Cookie, Pain d&rsquo;\u00e9pices, Noisettes grill\u00e9es, Marshmallow, Miel)<br>Macha Latt\u00e9 <strong>4.50\u20ac<\/strong><br>Cha\u00ef Latt\u00e9 <strong>4.50\u20ac<\/strong><br>Ube Latt\u00e9 <strong>4.50\u20ac<\/strong><br>Cappuccino <strong>3.50\u20ac<\/strong><br>Chocolat chaud ou froid <strong>3.50\u20ac<\/strong><br>Mochaccino (caf\u00e9 + chocolat) <strong>4.50\u20ac<\/strong><br>Caf\u00e9 viennois <strong>4.50\u20ac<\/strong><br>Chocolat viennois <strong>4.50\u20ac<\/strong><br>Caf\u00e9 glac\u00e9 ou frapp\u00e9 <strong>2.50\u20ac<\/strong><br>Caf\u00e9 ou chocolat After Eight <strong>4.50\u20ac<\/strong><br>Boissons gourmandes <strong>6.50\u20ac<\/strong><br> <em>(base caf\u00e9 ou chocolat ou latt\u00e9 + topping Kinder Bueno ou Kit-Kat + chantilly)<\/em><br>Caf\u00e9 Moka d&rsquo;Ethiopie Bio <strong>2.20\u20ac<\/strong><br>Caf\u00e9 Moka noisette d&rsquo;Ethiopie <strong>2.20\u20ac<\/strong><br>Caf\u00e9 Sumatra Orang Utan <strong>2.20\u20ac<\/strong><br>Caf\u00e9 Costa Rica San Rafael <strong>2.00\u20ac<\/strong><br>Caf\u00e9 Colombie Supremo I.G.P. <strong>2.00\u20ac<\/strong><br>Caf\u00e9 Papouasie Nouvelle-Guin\u00e9e <strong>2.00\u20ac<\/strong><br>Caf\u00e9 Honduras Bio &amp; Equitable <strong>2.20\u20ac<\/strong><br>Th\u00e9s verts\u00a0<strong>3.00\u20ac<\/strong><br>(menthe bio, sancha bio, jasmin bio, mat\u00e9 d\u00e9tox bio citron\/gingembre)<br>Th\u00e9s noirs <strong>3.00\u20ac<\/strong> <br>(fruits rouges, breakfast B.O.P. bio, grand earl grey, caramel tonka bio, jardins de darjeeling bio,cha\u00ef des comptoirs, ceylan O.P., vanille caramel)<br>Th\u00e9s Roo\u00efbos <strong>3.00\u20ac<\/strong><br>(fruits rouges bio, aux \u00e9pices, abricot orange bio)<br>Th\u00e9 blanc <strong>3.00\u20ac<\/strong><br>(rose litchi)<br>Tisanes <strong>3.00\u20ac<\/strong><br>(verveine bio, camomille bio)<br><br>Suppl\u00e9ment lait v\u00e9g\u00e9tal (avoine) +1<strong>.00\u20ac<\/strong><\/p>\n\n\n\n<div style=\"height:0px\" aria-hidden=\"true\" class=\"wp-block-spacer\"><\/div>\n","protected":false},"excerpt":{"rendered":"<p>Caf\u00e9s \/ Th\u00e9s \/ Tisanes Caf\u00e9 Mexicain Bio 1.50\u20acRistretto Mexicain Bio 1.50\u20acCaf\u00e9 allong\u00e9 Mexicain Bio 1.50\u20acD\u00e9ca 1.50\u20acCaf\u00e9 double 3.00\u20acNoisette 1.80\u20acCaf\u00e9 cr\u00e8me 2.50\u20acLatt\u00e9 Macchiato 4.50\u20ac (avec ou sans sirop : Caramel [&hellip;]<\/p>\n","protected":false},"author":1,"featured_media":0,"parent":0,"menu_order":0,"comment_status":"closed","ping_status":"closed","template":"page-no-title","meta":{"footnotes":""},"class_list":["post-208","page","type-page","status-publish","hentry"],"_links":{"self":[{"href":"https:\/\/le-mojo.fr\/index.php?rest_route=\/wp\/v2\/pages\/208","targetHints":{"allow":["GET"]}}],"collection":[{"href":"https:\/\/le-mojo.fr\/index.php?rest_route=\/wp\/v2\/pages"}],"about":[{"href":"https:\/\/le-mojo.fr\/index.php?rest_route=\/wp\/v2\/types\/page"}],"author":[{"embeddable":true,"href":"https:\/\/le-mojo.fr\/index.php?rest_route=\/wp\/v2\/users\/1"}],"replies":[{"embeddable":true,"href":"https:\/\/le-mojo.fr\/index.php?rest_route=%2Fwp%2Fv2%2Fcomments&post=208"}],"version-history":[{"count":30,"href":"https:\/\/le-mojo.fr\/index.php?rest_route=\/wp\/v2\/pages\/208\/revisions"}],"predecessor-version":[{"id":519,"href":"https:\/\/le-mojo.fr\/index.php?rest_route=\/wp\/v2\/pages\/208\/revisions\/519"}],"wp:attachment":[{"href":"https:\/\/le-mojo.fr\/index.php?rest_route=%2Fwp%2Fv2%2Fmedia&parent=208"}],"curies":[{"name":"wp","href":"https:\/\/api.w.org\/{rel}","templated":true}]}}