{"id":203,"date":"2025-01-14T14:36:38","date_gmt":"2025-01-14T13:36:38","guid":{"rendered":"https:\/\/le-mojo.fr\/?page_id=203"},"modified":"2026-03-26T09:08:06","modified_gmt":"2026-03-26T08:08:06","slug":"boissons-fraiches","status":"publish","type":"page","link":"https:\/\/le-mojo.fr\/?page_id=203","title":{"rendered":"Boissons fra\u00eeches"},"content":{"rendered":"\n<p class=\"has-text-align-center has-foreground-color has-text-color has-link-color wp-elements-f049e1c1edc567dbd75f336e7a6afde1\" style=\"font-size:40px\"><strong>Boissons fra\u00eeches<\/strong><\/p>\n\n\n\n<p class=\"has-text-align-center has-foreground-color has-text-color has-link-color wp-elements-6077635c194c56cd99ff358d9ec407eb\" style=\"margin-top:var(--wp--preset--spacing--20);margin-bottom:26px\">Coca-Cola 33cl <strong>3.50\u20ac<\/strong><br>Coca-Cola z\u00e9ro 33cl <strong>3.50\u20ac<\/strong><br>Fuze tea 33cl <strong>3.50\u20ac<\/strong><br>Perrier 33cl <strong>3.50\u20ac<\/strong><br>Orangina 33cl <strong>3.50\u20ac<\/strong><br>Oasis tropical 33cl <strong>3.50\u20ac<\/strong><br>Schweppes agrumes 33cl <strong>3.50\u20ac<\/strong><br>Tonic Hysope 20cl <strong>3.50\u20ac<\/strong><br>Ginger Hysope 20cl <strong>3.50\u20ac<\/strong><br>Granini ACE 25cl <strong>3.00\u20ac<\/strong><br>Granini ananas 25cl <strong>3.00\u20ac<\/strong><br>Granini abricot 25cl <strong>3.00\u20ac<\/strong><br>Granini orange 25cl <strong>3.00\u20ac<\/strong><br>Granini pomme 25cl <strong>3.00\u20ac<\/strong><br>Granini tomate 25cl <strong>3.00\u20ac<\/strong><br>Red Bull 25cl <strong>4.00\u20ac<\/strong><br>Red Bull past\u00e8que 25cl <strong>4.00\u20ac<\/strong><br>Limonade ou diabolo 33cl <strong>3.50\u20ac<\/strong><br>Sirop \u00e0 l\u2019eau 33cl <strong>2.00\u20ac<\/strong><br>(Menthe, fraise, grenadine, citron, p\u00eache, violette, fruits de la passion, cerise, noix de coco, orgeat, kiwi, lychee, pamplemousse, bergamote, gingembre, jasmin, fleur de sureau, rose, piment, caf\u00e9, chocolat cookie, noisettes grill\u00e9es, pain d\u2019\u00e9pices, marshmallow, citrouille \u00e9pic\u00e9e, sp\u00e9culos, vanille, miel, caramel sal\u00e9, matcha, th\u00e9 cha\u00ef)<\/p>\n\n\n\n<p class=\"has-text-align-center has-foreground-color has-text-color has-link-color wp-elements-8644950b5e14b15167bd9a1ec9306206\" style=\"margin-top:var(--wp--preset--spacing--20);margin-bottom:26px\"><strong><strong>Smoothies<\/strong><\/strong> <strong>4,50\u20ac<\/strong><br>Tagada banane (fraise, banane)<br>Red boost (Grenade, framboise, ac\u00e9rola)<br>Fruits on the beach (Mangue, fruits de la passion, orange)<br>Coco c\u00e2line (Ananas, noix de coco)<\/p>\n\n\n\n<p class=\"has-text-align-center has-foreground-color has-text-color has-link-color wp-elements-c53be6903ab45003ea784c0fb9d9029c\" style=\"margin-top:var(--wp--preset--spacing--20);margin-bottom:26px\"><strong><strong>Milkshakes<\/strong><\/strong> <strong>5,00\u20ac<\/strong><br>Florida (Fraise, banane)<br>California (Grenade, framboise, ac\u00e9rola)<br>Manhattan (Chocolat)<br>Hawa\u00ef (Vanille)<\/p>\n\n\n\n<p><\/p>\n\n\n\n<p class=\"has-foreground-color has-text-color has-link-color wp-elements-d743c2f61f747224d88d0d0f08d689f3\" style=\"margin-top:var(--wp--preset--spacing--20);margin-bottom:26px\"><\/p>\n","protected":false},"excerpt":{"rendered":"<p>Boissons fra\u00eeches Coca-Cola 33cl 3.50\u20acCoca-Cola z\u00e9ro 33cl 3.50\u20acFuze tea 33cl 3.50\u20acPerrier 33cl 3.50\u20acOrangina 33cl 3.50\u20acOasis tropical 33cl 3.50\u20acSchweppes agrumes 33cl 3.50\u20acTonic Hysope 20cl 3.50\u20acGinger Hysope 20cl 3.50\u20acGranini ACE 25cl 3.00\u20acGranini [&hellip;]<\/p>\n","protected":false},"author":1,"featured_media":0,"parent":0,"menu_order":0,"comment_status":"closed","ping_status":"closed","template":"page-no-title","meta":{"footnotes":""},"class_list":["post-203","page","type-page","status-publish","hentry"],"_links":{"self":[{"href":"https:\/\/le-mojo.fr\/index.php?rest_route=\/wp\/v2\/pages\/203","targetHints":{"allow":["GET"]}}],"collection":[{"href":"https:\/\/le-mojo.fr\/index.php?rest_route=\/wp\/v2\/pages"}],"about":[{"href":"https:\/\/le-mojo.fr\/index.php?rest_route=\/wp\/v2\/types\/page"}],"author":[{"embeddable":true,"href":"https:\/\/le-mojo.fr\/index.php?rest_route=\/wp\/v2\/users\/1"}],"replies":[{"embeddable":true,"href":"https:\/\/le-mojo.fr\/index.php?rest_route=%2Fwp%2Fv2%2Fcomments&post=203"}],"version-history":[{"count":15,"href":"https:\/\/le-mojo.fr\/index.php?rest_route=\/wp\/v2\/pages\/203\/revisions"}],"predecessor-version":[{"id":531,"href":"https:\/\/le-mojo.fr\/index.php?rest_route=\/wp\/v2\/pages\/203\/revisions\/531"}],"wp:attachment":[{"href":"https:\/\/le-mojo.fr\/index.php?rest_route=%2Fwp%2Fv2%2Fmedia&parent=203"}],"curies":[{"name":"wp","href":"https:\/\/api.w.org\/{rel}","templated":true}]}}