{"id":148,"date":"2025-01-09T20:10:02","date_gmt":"2025-01-09T19:10:02","guid":{"rendered":"https:\/\/le-mojo.fr\/?page_id=148"},"modified":"2026-03-13T12:37:21","modified_gmt":"2026-03-13T11:37:21","slug":"148-2","status":"publish","type":"page","link":"https:\/\/le-mojo.fr\/?page_id=148","title":{"rendered":"Cocktails"},"content":{"rendered":"\n<p class=\"has-text-align-center has-foreground-color has-text-color has-link-color has-section-title-font-size wp-elements-51ab7b0a240d3fb886a9c508d99dc80d\"><strong>Cocktails<\/strong><\/p>\n\n\n\n<p class=\"has-text-align-center has-foreground-color has-text-color has-link-color wp-elements-f53a9fb1629f9b55cb31c3508521b8f0\"><strong>Cocktail du moment<\/strong> : Woo Woo <strong>10.00\u20ac<\/strong><br>(vodka, liqueur de p\u00eache, cranberry) <\/p>\n\n\n\n<p class=\"has-text-align-center has-foreground-color has-text-color has-link-color wp-elements-5573f347b673a25f3f3db0fc0bec8292\">Gin Tonic <strong>8.00\u20ac<\/strong><\/p>\n\n\n\n<p class=\"has-text-align-center has-foreground-color has-text-color has-link-color wp-elements-255663886a0793d78186258220a1a0aa\" style=\"margin-top:5px;margin-bottom:5px\">Jama\u00efcan Mule (rhum ambr\u00e9, ginger, citron) <strong>8.00\u20ac<\/strong><br>Moscow Mule (vodka, ginger, citron) <strong>8.00\u20ac<\/strong><br>London Mule (gin, ginger, citron) <strong>8.00\u20ac<\/strong><br>Mojito <strong>8.00\u20ac<\/strong><\/p>\n\n\n\n<p class=\"has-text-align-center has-foreground-color has-text-color has-link-color wp-elements-d7fffafcfc9552d79ed60bb777a1a271\" style=\"margin-top:5px;margin-bottom:5px\">Pi\u00f1a Colada (rhum ambr\u00e9, lait de coco, ananas) <strong>8.00\u20ac<\/strong><br>Sex on the beach (vodka, liqueur de p\u00eache, orange, cranberry) <strong>8.00\u20ac<\/strong><br>Lillet Schweppes Agrumes&nbsp;(lillet, Schweppes agrumes, grenadine) <strong>8.00\u20ac<\/strong><br>Margarita&nbsp;(t\u00e9quila, triple sec, citron) <strong>8.00\u20ac<\/strong><br>Pumpkin&nbsp;(liqueur de p\u00eache, Prosecco, orange, citrouille \u00e9pic\u00e9e) <strong>8.00\u20ac<\/strong><br>Spritz Ap\u00e9rol <strong>8.00\u20ac<\/strong><br>Spritz Martini Blanco <strong>8.00\u20ac<\/strong><\/p>\n\n\n\n<p class=\"has-text-align-center has-foreground-color has-text-color has-link-color wp-elements-d1f6ae4de724ddedce94e511246bb1d1\" style=\"margin-top:5px;margin-bottom:5px\">Spritz St Germain (sirop au choix) <strong>10.00\u20ac<\/strong><br>Espresso Martini (vodka, caf\u00e9, liqueur de caf\u00e9, sucre de canne) <strong>10.00\u20ac<\/strong><br>Gin Tonic Hendrick&rsquo;s <strong>10.00\u20ac<\/strong><\/p>\n\n\n\n<p class=\"has-text-align-center has-foreground-color has-text-color has-link-color wp-elements-c79188dfd068f908d6ec5d279a5b04a2\" style=\"margin-top:5px;margin-bottom:5px\">Gin Tonic Puerto Indias Strawberry <strong>10.00\u20ac<\/strong><\/p>\n\n\n\n<p class=\"has-text-align-center has-foreground-color has-text-color has-link-color wp-elements-7e9f151047628cd27bf3c62955642447\" style=\"margin-top:5px;margin-bottom:5px\">Golden hour (rhum ambr\u00e9, citron, miel, vanille, abricot) <strong>10.00\u20ac<\/strong><br>Indian (rhum ambr\u00e9, coco, pomme, curry, citron) <strong>10.00\u20ac<\/strong><br>Ma\u00ef-Ta\u00ef (rhum, triple sec, citron, ananas, orgeat) <strong>10.00\u20ac<\/strong><br>Pornstar Martini (vodka, passion, citron, vanille, prosecco) <strong>10.00\u20ac<\/strong><br>Red Meister (Jagger, fraise, grenadine, citron, pomme) <strong>10.00\u20ac<\/strong><br>Ultra Violet\u00a0(vodka, triple sec, pomme, citron, violette) <strong>10.00\u20ac<\/strong><br>Transfusion\u00a0(vodka, cranberry, citron, ginger) <strong>10.00\u20ac<\/strong><br>Irish Coffee (whisky, caf\u00e9, sucre de canne, chantilly) <strong>7.50<\/strong> <strong>\u20ac<\/strong><br><br><br><strong>Cocktail sans alcool<\/strong> <strong>6.00\u20ac<\/strong><br>Virgin Mojito\u00a0(avec ou sans sirop de rhum 0%) <strong>6.00\u20ac<\/strong><br>Bora Bora (ananas, fruits de la passion, citron, grenadine, option sirop de rhum)\u00a0<strong>6.00\u20ac<\/strong><br>Val De Passion\u00a0(fruits de la passion, citron, Perrier) <strong>6.00\u20ac<\/strong><\/p>\n\n\n\n<div style=\"height:35px\" aria-hidden=\"true\" class=\"wp-block-spacer\"><\/div>\n","protected":false},"excerpt":{"rendered":"<p>Cocktails Cocktail du moment : Woo Woo 10.00\u20ac(vodka, liqueur de p\u00eache, cranberry) Gin Tonic 8.00\u20ac Jama\u00efcan Mule (rhum ambr\u00e9, ginger, citron) 8.00\u20acMoscow Mule (vodka, ginger, citron) 8.00\u20acLondon Mule (gin, ginger, [&hellip;]<\/p>\n","protected":false},"author":1,"featured_media":0,"parent":0,"menu_order":0,"comment_status":"closed","ping_status":"closed","template":"page-no-title","meta":{"footnotes":""},"class_list":["post-148","page","type-page","status-publish","hentry"],"_links":{"self":[{"href":"https:\/\/le-mojo.fr\/index.php?rest_route=\/wp\/v2\/pages\/148","targetHints":{"allow":["GET"]}}],"collection":[{"href":"https:\/\/le-mojo.fr\/index.php?rest_route=\/wp\/v2\/pages"}],"about":[{"href":"https:\/\/le-mojo.fr\/index.php?rest_route=\/wp\/v2\/types\/page"}],"author":[{"embeddable":true,"href":"https:\/\/le-mojo.fr\/index.php?rest_route=\/wp\/v2\/users\/1"}],"replies":[{"embeddable":true,"href":"https:\/\/le-mojo.fr\/index.php?rest_route=%2Fwp%2Fv2%2Fcomments&post=148"}],"version-history":[{"count":21,"href":"https:\/\/le-mojo.fr\/index.php?rest_route=\/wp\/v2\/pages\/148\/revisions"}],"predecessor-version":[{"id":499,"href":"https:\/\/le-mojo.fr\/index.php?rest_route=\/wp\/v2\/pages\/148\/revisions\/499"}],"wp:attachment":[{"href":"https:\/\/le-mojo.fr\/index.php?rest_route=%2Fwp%2Fv2%2Fmedia&parent=148"}],"curies":[{"name":"wp","href":"https:\/\/api.w.org\/{rel}","templated":true}]}}